{"id":2736,"date":"2022-10-19T07:55:08","date_gmt":"2022-10-19T07:55:08","guid":{"rendered":"https:\/\/act-project.eu\/rezultate\/"},"modified":"2024-06-12T11:44:52","modified_gmt":"2024-06-12T11:44:52","slug":"rezultate","status":"publish","type":"page","link":"https:\/\/act-project.eu\/ro\/rezultate\/","title":{"rendered":"Rezultate"},"content":{"rendered":"\t\t<div data-elementor-type=\"wp-page\" data-elementor-id=\"2736\" class=\"elementor elementor-2736 elementor-129\" data-elementor-post-type=\"page\">\n\t\t\t\t\t\t<section class=\"elementor-section elementor-top-section elementor-element elementor-element-c6d0a44 elementor-section-boxed elementor-section-height-default elementor-section-height-default\" data-id=\"c6d0a44\" data-element_type=\"section\">\n\t\t\t\t\t\t\t<div class=\"elementor-background-overlay\"><\/div>\n\t\t\t\t\t\t\t<div class=\"elementor-container elementor-column-gap-default\">\n\t\t\t\t\t<div class=\"elementor-column elementor-col-100 elementor-top-column elementor-element elementor-element-fcaf1c6\" data-id=\"fcaf1c6\" data-element_type=\"column\">\n\t\t\t<div class=\"elementor-widget-wrap elementor-element-populated\">\n\t\t\t\t\t\t<div class=\"elementor-element elementor-element-26d1ac3 elementor-widget elementor-widget-image\" data-id=\"26d1ac3\" data-element_type=\"widget\" data-widget_type=\"image.default\">\n\t\t\t\t<div class=\"elementor-widget-container\">\n\t\t\t\t\t\t\t\t\t\t\t\t\t<img fetchpriority=\"high\" decoding=\"async\" width=\"640\" height=\"474\" src=\"https:\/\/act-project.eu\/wp-content\/uploads\/2022\/05\/results-new.png\" class=\"attachment-large size-large wp-image-2416\" alt=\"\" srcset=\"https:\/\/act-project.eu\/wp-content\/uploads\/2022\/05\/results-new.png 800w, https:\/\/act-project.eu\/wp-content\/uploads\/2022\/05\/results-new-300x222.png 300w, https:\/\/act-project.eu\/wp-content\/uploads\/2022\/05\/results-new-768x568.png 768w, https:\/\/act-project.eu\/wp-content\/uploads\/2022\/05\/results-new-624x462.png 624w\" sizes=\"(max-width: 640px) 100vw, 640px\" \/>\t\t\t\t\t\t\t\t\t\t\t\t\t<\/div>\n\t\t\t\t<\/div>\n\t\t\t\t<div class=\"elementor-element elementor-element-8fc72aa elementor-widget elementor-widget-tp-heading-animation\" data-id=\"8fc72aa\" data-element_type=\"widget\" data-widget_type=\"tp-heading-animation.default\">\n\t\t\t\t<div class=\"elementor-widget-container\">\n\t\t\t<style>.heading-animation69e1b175037b7 .pt-plus-cd-headline.loading-bar .cd-words-wrapper::after{background-color: #313131;}<\/style><div class=\"pt-plus-heading-animation heading-animation head-anim-style-3  heading-animation69e1b175037b7\"  ><h1 class=\"pt-plus-cd-headline zoom\" ><span class=\"cd-words-wrapper\"> <b  class=\"is-visible \">results<\/b> <b>unelte<\/b> <b>antrenamente<\/b> <b>platform\u0103<\/b><\/span><\/h1><\/div>\t\t<\/div>\n\t\t\t\t<\/div>\n\t\t\t\t\t<\/div>\n\t\t<\/div>\n\t\t\t\t\t<\/div>\n\t\t<\/section>\n\t\t\t\t<section class=\"elementor-section elementor-top-section elementor-element elementor-element-734bb1b elementor-section-boxed elementor-section-height-default elementor-section-height-default\" data-id=\"734bb1b\" data-element_type=\"section\">\n\t\t\t\t\t\t\t<div class=\"elementor-background-overlay\"><\/div>\n\t\t\t\t\t\t\t<div class=\"elementor-container elementor-column-gap-default\">\n\t\t\t\t\t<div class=\"elementor-column elementor-col-100 elementor-top-column elementor-element elementor-element-d510531\" data-id=\"d510531\" data-element_type=\"column\">\n\t\t\t<div class=\"elementor-widget-wrap elementor-element-populated\">\n\t\t\t\t\t\t<div class=\"elementor-element elementor-element-b1c5a4f elementor-widget elementor-widget-text-editor\" data-id=\"b1c5a4f\" data-element_type=\"widget\" data-widget_type=\"text-editor.default\">\n\t\t\t\t<div class=\"elementor-widget-container\">\n\t\t\t\t\t\t\t<p>Promovarea unei mentalit\u0103\u021bi globale pentru genera\u021bia urm\u0103toare necesit\u0103 preg\u0103tire, con\u0219tientizare de sine \u0219i spa\u021biu comun pentru colaborare \u0219i interac\u021biune.<\/p>\n\t\t\t\t\t\t<\/div>\n\t\t\t\t<\/div>\n\t\t\t\t<div class=\"elementor-element elementor-element-97d03bd uael-timeline--center uael-timeline-responsive-tablet uael-timeline-arrow-center elementor-widget elementor-widget-uael-timeline\" data-id=\"97d03bd\" data-element_type=\"widget\" data-widget_type=\"uael-timeline.default\">\n\t\t\t\t<div class=\"elementor-widget-container\">\n\t\t\t<div class=\"uael-timeline-wrapper uael-timeline-node\">\n\t\n\t<div class=\"uael-timeline-main\">\n\t\t<div class=\"uael-days\">\n\t\t\t\t\t\t\t\t\t\t\t\t<div class=\"elementor-repeater-item-96c93fe uael-timeline-field animate-border out-view\">\n\t\t\t\t\t\t<div class=\"uael-timeline-widget uael-timeline-right\">\n\t\t\t\t\t\t\t<div class=\"uael-timeline-marker\">\n\t\t\t\t\t\t\t\t<span class=\"timeline-icon-new out-view-timeline-icon\">\n\t\t\t\t\t\t\t\t\t<i aria-hidden=\"true\" class=\"far fa-hand-point-left\"><\/i>\t\t\t\t\t\t\t\t<\/span>\n\t\t\t\t\t\t\t<\/div>\n\n\t\t\t\t\t\t\t<div class=\"uael-day-new uael-day-right\">\n\t\t\t\t\t\t\t\t<div class=\"uael-events-new\">\n\t\t\t\t\t\t\t\t\t\t\t\t\t\t\t\t\t\t\t<a href=\"https:\/\/act-project.eu\/ro\/self-assessment\/\" target=\"_blank\" >\n\t\t\t\t\t\t\t\t\t\t\t\t\t\t\t\t\t\t<div class=\"uael-events-inner-new\">\n\t\t\t\t\t\t\t\t\t\t\t\t\t\t\t\t\t\t\t\t<div class=\"uael-content\">\n\t\t\t\t\t\t\t\t\t\t\t\t\t\t\t\t\t\t\t\t\t\t\t\t\t\t\t\t\t\t\t\t\t<div class=\"uael-timeline-heading-text\">\n\t\t\t\t\t\t\t\t\t\t\t\t<h3 class=\"uael-timeline-heading\">Instrument de auto-reflec\u021bie pentru profesori cu privire la sinergiile de \u00eenv\u0103\u021bare transfrontalier\u0103 pentru ODD-uri<\/h3> \t\t\t\t\t\t\t\t\t\t\t<\/div>\n\t\t\t\t\t\t\t\t\t\t\t\t\t\t\t\t\t\t\t\t\t\t\t\t\t\t\t\t\t\t\t\t\t\t\t\t\t\t\t\t\t\t\t\t\t\t\t\t\t\t\t\t\t\t\t\t<div class=\"uael-timeline-desc-content\"><p>Echipa ACT! a elaborat un instrument de evaluare pentru auto-reflec\u021bie \u00een sinergiile de \u00eenv\u0103\u021bare transfrontalier\u0103 pentru cele 17 ODD. Dup\u0103 finalizarea cadrului, acesta a \u00a0proiectat un instrument de autoreflec\u021bie \u00eentr-un mod care permite utilizatorilor finali (profesorii) s\u0103 reflecteze asupra unor \u00eentreb\u0103ri precum: care este situa\u021bia mea actual\u0103? C\u00e2t de multe \u0219tiu despre \u00eenv\u0103\u021barea \u0219i cooperarea transfrontalier\u0103? Cum pot face asta? etc.<\/p><\/div> \t\t\t\t\t\t\t\t\t\t\t\t\t\t\t\t\t\t\t\t\t\t\t\t\t\t\t\t\t\t\t\t<\/div>\n\t\t\t\t\t\t\t\t\t\t\t\t\t\t\t\t\t\t\t\t\t\t\t<div class=\"uael-timeline-arrow\"><\/div>\n\t\t\t\t\t\t\t\t\t\t\t\t\t\t\t\t\t\t\t\t<\/div>\n\t\t\t\t\t\t\t\t\t\t\t\t\t\t\t\t\t\t\t<\/a>\n\t\t\t\t\t\t\t\t\t\t\t\t\t\t\t\t\t<\/div>\n\t\t\t\t\t\t\t<\/div>\n\t\t\t\t\t\t\t\t\t\t\t\t\t\t\t<div class=\"uael-timeline-date-new\">\n\t\t\t\t\t\t\t\t\t<div class=\"uael-date-new\"><div class=\"inner-date-new\"><div ><\/div><\/div>\n\t\t\t\t\t\t\t\t\t<\/div>\n\t\t\t\t\t\t\t\t<\/div>\n\t\t\t\t\t\t\t\t\t\t\t\t\t<\/div>\n\t\t\t\t\t<\/div>\n\t\t\t\t\t\t\t\t\t\t\t\t\t\t\t\t\t<div class=\"elementor-repeater-item-c9f45f0 uael-timeline-field animate-border out-view\">\n\t\t\t\t\t\t<div class=\"uael-timeline-widget uael-timeline-left\">\n\t\t\t\t\t\t\t<div class=\"uael-timeline-marker\">\n\t\t\t\t\t\t\t\t<span class=\"timeline-icon-new out-view-timeline-icon\">\n\t\t\t\t\t\t\t\t\t<i aria-hidden=\"true\" class=\"far fa-hand-point-left\"><\/i>\t\t\t\t\t\t\t\t<\/span>\n\t\t\t\t\t\t\t<\/div>\n\n\t\t\t\t\t\t\t<div class=\"uael-day-new uael-day-left\">\n\t\t\t\t\t\t\t\t<div class=\"uael-events-new\">\n\t\t\t\t\t\t\t\t\t\t\t\t\t\t\t\t\t\t\t<a href=\"https:\/\/act-project.eu\/ro\/inspiration-library\/\" target=\"_blank\" >\n\t\t\t\t\t\t\t\t\t\t\t\t\t\t\t\t\t\t<div class=\"uael-events-inner-new\">\n\t\t\t\t\t\t\t\t\t\t\t\t\t\t\t\t\t\t\t\t<div class=\"uael-content\">\n\t\t\t\t\t\t\t\t\t\t\t\t\t\t\t\t\t\t\t\t\t\t\t\t\t\t\t\t\t\t\t\t\t<div class=\"uael-timeline-heading-text\">\n\t\t\t\t\t\t\t\t\t\t\t\t<h3 class=\"uael-timeline-heading\">Libr\u0103rie inspira\u0163ional\u0103<\/h3> \t\t\t\t\t\t\t\t\t\t\t<\/div>\n\t\t\t\t\t\t\t\t\t\t\t\t\t\t\t\t\t\t\t\t\t\t\t\t\t\t\t\t\t\t\t\t\t\t\t\t\t\t\t\t\t\t\t\t\t\t\t\t\t\t\t\t\t\t\t\t\t\t\t\t\t\t\t\t\t<\/div>\n\t\t\t\t\t\t\t\t\t\t\t\t\t\t\t\t\t\t\t\t\t\t\t<div class=\"uael-timeline-arrow\"><\/div>\n\t\t\t\t\t\t\t\t\t\t\t\t\t\t\t\t\t\t\t\t<\/div>\n\t\t\t\t\t\t\t\t\t\t\t\t\t\t\t\t\t\t\t<\/a>\n\t\t\t\t\t\t\t\t\t\t\t\t\t\t\t\t\t<\/div>\n\t\t\t\t\t\t\t<\/div>\n\t\t\t\t\t\t\t\t\t\t\t\t\t\t\t<div class=\"uael-timeline-date-new\">\n\t\t\t\t\t\t\t\t\t<div class=\"uael-date-new\"><div class=\"inner-date-new\"><div ><\/div><\/div>\n\t\t\t\t\t\t\t\t\t<\/div>\n\t\t\t\t\t\t\t\t<\/div>\n\t\t\t\t\t\t\t\t\t\t\t\t\t<\/div>\n\t\t\t\t\t<\/div>\n\t\t\t\t\t\t\t\t\t\t\t\t\t\t\t\t\t<div class=\"elementor-repeater-item-c705fb8 uael-timeline-field animate-border out-view\">\n\t\t\t\t\t\t<div class=\"uael-timeline-widget uael-timeline-right\">\n\t\t\t\t\t\t\t<div class=\"uael-timeline-marker\">\n\t\t\t\t\t\t\t\t<span class=\"timeline-icon-new out-view-timeline-icon\">\n\t\t\t\t\t\t\t\t\t<i aria-hidden=\"true\" class=\"far fa-hand-point-right\"><\/i>\t\t\t\t\t\t\t\t<\/span>\n\t\t\t\t\t\t\t<\/div>\n\n\t\t\t\t\t\t\t<div class=\"uael-day-new uael-day-right\">\n\t\t\t\t\t\t\t\t<div class=\"uael-events-new\">\n\t\t\t\t\t\t\t\t\t\t\t\t\t\t\t\t\t\t\t<a href=\"https:\/\/act-project.eu\/ro\/courses\/training-course\/\" target=\"_blank\" >\n\t\t\t\t\t\t\t\t\t\t\t\t\t\t\t\t\t\t<div class=\"uael-events-inner-new\">\n\t\t\t\t\t\t\t\t\t\t\t\t\t\t\t\t\t\t\t\t<div class=\"uael-content\">\n\t\t\t\t\t\t\t\t\t\t\t\t\t\t\t\t\t\t\t\t\t\t\t\t\t\t\t\t\t\t\t\t\t<div class=\"uael-timeline-heading-text\">\n\t\t\t\t\t\t\t\t\t\t\t\t<h3 class=\"uael-timeline-heading\">Program de formare online pentru profesori \u00een cooperare transfrontalier\u0103 pentru dezvoltarea ODD-urilor \u00een \u0219coli<\/h3> \t\t\t\t\t\t\t\t\t\t\t<\/div>\n\t\t\t\t\t\t\t\t\t\t\t\t\t\t\t\t\t\t\t\t\t\t\t\t\t\t\t\t\t\t\t\t\t\t\t\t\t\t\t\t\t\t\t\t\t\t\t\t\t\t\t\t\t\t\t\t<div class=\"uael-timeline-desc-content\"><p>\u00cen cadrul proiectului, a fost elaborat un program de formare online pentru profesorii din \u0219colile gimnaziale\/ licee, care vizeaz\u0103 cooperarea transfrontalier\u0103 pentru dezvoltarea ODD-urilor \u00een mediul \u0219colar. Scopul a fost \u00eembun\u0103t\u0103\u021birea cuno\u0219tin\u021bele \u0219i abilit\u0103\u021bile profesorilor \u0219i de a promova cooperarea transfrontalier\u0103 \u0219i sinergiile de \u00eenv\u0103\u021bare.<\/p><\/div> \t\t\t\t\t\t\t\t\t\t\t\t\t\t\t\t\t\t\t\t\t\t\t\t\t\t\t\t\t\t\t\t<\/div>\n\t\t\t\t\t\t\t\t\t\t\t\t\t\t\t\t\t\t\t\t\t\t\t<div class=\"uael-timeline-arrow\"><\/div>\n\t\t\t\t\t\t\t\t\t\t\t\t\t\t\t\t\t\t\t\t<\/div>\n\t\t\t\t\t\t\t\t\t\t\t\t\t\t\t\t\t\t\t<\/a>\n\t\t\t\t\t\t\t\t\t\t\t\t\t\t\t\t\t<\/div>\n\t\t\t\t\t\t\t<\/div>\n\t\t\t\t\t\t\t\t\t\t\t\t\t\t\t<div class=\"uael-timeline-date-new\">\n\t\t\t\t\t\t\t\t\t<div class=\"uael-date-new\"><div class=\"inner-date-new\"><div ><\/div><\/div>\n\t\t\t\t\t\t\t\t\t<\/div>\n\t\t\t\t\t\t\t\t<\/div>\n\t\t\t\t\t\t\t\t\t\t\t\t\t<\/div>\n\t\t\t\t\t<\/div>\n\t\t\t\t\t\t\t\t\t\t\t\t\t\t\t\t\t<div class=\"elementor-repeater-item-be945d7 uael-timeline-field animate-border out-view\">\n\t\t\t\t\t\t<div class=\"uael-timeline-widget uael-timeline-left\">\n\t\t\t\t\t\t\t<div class=\"uael-timeline-marker\">\n\t\t\t\t\t\t\t\t<span class=\"timeline-icon-new out-view-timeline-icon\">\n\t\t\t\t\t\t\t\t\t<i aria-hidden=\"true\" class=\"far fa-hand-point-left\"><\/i>\t\t\t\t\t\t\t\t<\/span>\n\t\t\t\t\t\t\t<\/div>\n\n\t\t\t\t\t\t\t<div class=\"uael-day-new uael-day-left\">\n\t\t\t\t\t\t\t\t<div class=\"uael-events-new\">\n\t\t\t\t\t\t\t\t\t\t\t\t\t\t\t\t\t\t\t<a href=\"https:\/\/act-project.eu\/groups\/\" target=\"_blank\" >\n\t\t\t\t\t\t\t\t\t\t\t\t\t\t\t\t\t\t<div class=\"uael-events-inner-new\">\n\t\t\t\t\t\t\t\t\t\t\t\t\t\t\t\t\t\t\t\t<div class=\"uael-content\">\n\t\t\t\t\t\t\t\t\t\t\t\t\t\t\t\t\t\t\t\t\t\t\t\t\t\t\t\t\t\t\t\t\t<div class=\"uael-timeline-heading-text\">\n\t\t\t\t\t\t\t\t\t\t\t\t<h3 class=\"uael-timeline-heading\">Platform\u0103 electronic\u0103 comunitar\u0103 pentru cooperarea transfrontalier\u0103 privind ODD<\/h3> \t\t\t\t\t\t\t\t\t\t\t<\/div>\n\t\t\t\t\t\t\t\t\t\t\t\t\t\t\t\t\t\t\t\t\t\t\t\t\t\t\t\t\t\t\t\t\t\t\t\t\t\t\t\t\t\t\t\t\t\t\t\t\t\t\t\t\t\t\t\t<div class=\"uael-timeline-desc-content\"><p>A fost creat\u0103 o platform\u0103 electronic\u0103 comunitar\u0103 interactiv\u0103 online, receptiv\u0103 \u0219i accesibil\u0103, care a constituit comunitatea online pentru elevii cu v\u00e2rsta \u00eentre 14 \u0219i 18 ani, care au dezvoltat sinergii de co-creare privind ODD. Aceast\u0103 platform\u0103 este un spa\u021biu online \u00een care elevii s-au putut \u00eent\u00e2lni \u0219i interac\u021biona.<\/p><\/div> \t\t\t\t\t\t\t\t\t\t\t\t\t\t\t\t\t\t\t\t\t\t\t\t\t\t\t\t\t\t\t\t<\/div>\n\t\t\t\t\t\t\t\t\t\t\t\t\t\t\t\t\t\t\t\t\t\t\t<div class=\"uael-timeline-arrow\"><\/div>\n\t\t\t\t\t\t\t\t\t\t\t\t\t\t\t\t\t\t\t\t<\/div>\n\t\t\t\t\t\t\t\t\t\t\t\t\t\t\t\t\t\t\t<\/a>\n\t\t\t\t\t\t\t\t\t\t\t\t\t\t\t\t\t<\/div>\n\t\t\t\t\t\t\t<\/div>\n\t\t\t\t\t\t\t\t\t\t\t\t\t\t\t<div class=\"uael-timeline-date-new\">\n\t\t\t\t\t\t\t\t\t<div class=\"uael-date-new\"><div class=\"inner-date-new\"><div ><\/div><\/div>\n\t\t\t\t\t\t\t\t\t<\/div>\n\t\t\t\t\t\t\t\t<\/div>\n\t\t\t\t\t\t\t\t\t\t\t\t\t<\/div>\n\t\t\t\t\t<\/div>\n\t\t\t\t\t\t\t\t\t\t\t\t\t\t\t\t\t<div class=\"elementor-repeater-item-992e751 uael-timeline-field animate-border out-view\">\n\t\t\t\t\t\t<div class=\"uael-timeline-widget uael-timeline-right\">\n\t\t\t\t\t\t\t<div class=\"uael-timeline-marker\">\n\t\t\t\t\t\t\t\t<span class=\"timeline-icon-new out-view-timeline-icon\">\n\t\t\t\t\t\t\t\t\t<i aria-hidden=\"true\" class=\"far fa-hand-point-right\"><\/i>\t\t\t\t\t\t\t\t<\/span>\n\t\t\t\t\t\t\t<\/div>\n\n\t\t\t\t\t\t\t<div class=\"uael-day-new uael-day-right\">\n\t\t\t\t\t\t\t\t<div class=\"uael-events-new\">\n\t\t\t\t\t\t\t\t\t\t\t\t\t\t\t\t\t\t\t<a href=\"https:\/\/act-project.eu\/ro\/online-workshops-for-cross-border-cooperation-on-the-sdgs\/\" target=\"_blank\" >\n\t\t\t\t\t\t\t\t\t\t\t\t\t\t\t\t\t\t<div class=\"uael-events-inner-new\">\n\t\t\t\t\t\t\t\t\t\t\t\t\t\t\t\t\t\t\t\t<div class=\"uael-content\">\n\t\t\t\t\t\t\t\t\t\t\t\t\t\t\t\t\t\t\t\t\t\t\t\t\t\t\t\t\t\t\t\t\t<div class=\"uael-timeline-heading-text\">\n\t\t\t\t\t\t\t\t\t\t\t\t<h3 class=\"uael-timeline-heading\">Ateliere online pentru cooperarea transfrontalier\u0103 privind ODD<\/h3> \t\t\t\t\t\t\t\t\t\t\t<\/div>\n\t\t\t\t\t\t\t\t\t\t\t\t\t\t\t\t\t\t\t\t\t\t\t\t\t\t\t\t\t\t\t\t\t\t\t\t\t\t\t\t\t\t\t\t\t\t\t\t\t\t\t\t\t\t\t\t<div class=\"uael-timeline-desc-content\"><p>\u00cen cadrul Atelierelor online, elevii cu v\u00e2rsta \u00eentre 14-18 ani (\u0219i profesorii din \u0219colile gimnaziale\/licee) au lucrat transfrontalier \u00een platforma electronic\u0103 comunitar\u0103 creat\u0103 anterior.<\/p><\/div> \t\t\t\t\t\t\t\t\t\t\t\t\t\t\t\t\t\t\t\t\t\t\t\t\t\t\t\t\t\t\t\t<\/div>\n\t\t\t\t\t\t\t\t\t\t\t\t\t\t\t\t\t\t\t\t\t\t\t<div class=\"uael-timeline-arrow\"><\/div>\n\t\t\t\t\t\t\t\t\t\t\t\t\t\t\t\t\t\t\t\t<\/div>\n\t\t\t\t\t\t\t\t\t\t\t\t\t\t\t\t\t\t\t<\/a>\n\t\t\t\t\t\t\t\t\t\t\t\t\t\t\t\t\t<\/div>\n\t\t\t\t\t\t\t<\/div>\n\t\t\t\t\t\t\t\t\t\t\t\t\t\t\t<div class=\"uael-timeline-date-new\">\n\t\t\t\t\t\t\t\t\t<div class=\"uael-date-new\"><div class=\"inner-date-new\"><div ><\/div><\/div>\n\t\t\t\t\t\t\t\t\t<\/div>\n\t\t\t\t\t\t\t\t<\/div>\n\t\t\t\t\t\t\t\t\t\t\t\t\t<\/div>\n\t\t\t\t\t<\/div>\n\t\t\t\t\t\t\t\t\t\t<\/div>\n\t\t<div class=\"uael-timeline__line\">\n\t\t\t<div class=\"uael-timeline__line__inner\"><\/div>\n\t\t<\/div>\n\t<\/div>\n<\/div>\n\n\t\t<\/div>\n\t\t\t\t<\/div>\n\t\t\t\t\t<\/div>\n\t\t<\/div>\n\t\t\t\t\t<\/div>\n\t\t<\/section>\n\t\t\t\t<\/div>\n\t\t","protected":false},"excerpt":{"rendered":"<p>results unelte antrenamente platform\u0103 Promovarea unei mentalit\u0103\u021bi globale pentru genera\u021bia urm\u0103toare necesit\u0103 preg\u0103tire, con\u0219tientizare de sine \u0219i spa\u021biu comun pentru colaborare \u0219i interac\u021biune. Instrument de&hellip;<\/p>\n","protected":false},"author":2,"featured_media":0,"parent":0,"menu_order":0,"comment_status":"closed","ping_status":"closed","template":"elementor_header_footer","meta":{"footnotes":""},"class_list":["post-2736","page","type-page","status-publish","hentry"],"_links":{"self":[{"href":"https:\/\/act-project.eu\/ro\/wp-json\/wp\/v2\/pages\/2736","targetHints":{"allow":["GET"]}}],"collection":[{"href":"https:\/\/act-project.eu\/ro\/wp-json\/wp\/v2\/pages"}],"about":[{"href":"https:\/\/act-project.eu\/ro\/wp-json\/wp\/v2\/types\/page"}],"author":[{"embeddable":true,"href":"https:\/\/act-project.eu\/ro\/wp-json\/wp\/v2\/users\/2"}],"replies":[{"embeddable":true,"href":"https:\/\/act-project.eu\/ro\/wp-json\/wp\/v2\/comments?post=2736"}],"version-history":[{"count":46,"href":"https:\/\/act-project.eu\/ro\/wp-json\/wp\/v2\/pages\/2736\/revisions"}],"predecessor-version":[{"id":9435,"href":"https:\/\/act-project.eu\/ro\/wp-json\/wp\/v2\/pages\/2736\/revisions\/9435"}],"wp:attachment":[{"href":"https:\/\/act-project.eu\/ro\/wp-json\/wp\/v2\/media?parent=2736"}],"curies":[{"name":"wp","href":"https:\/\/api.w.org\/{rel}","templated":true}]}}